{"id":7123,"date":"2026-01-22T18:31:30","date_gmt":"2026-01-22T18:31:30","guid":{"rendered":"https:\/\/fiproturloscabos.com\/eventos\/"},"modified":"2026-02-16T21:17:55","modified_gmt":"2026-02-16T21:17:55","slug":"eventos","status":"publish","type":"page","link":"https:\/\/fiproturloscabos.com\/es\/eventos\/","title":{"rendered":"Eventos"},"content":{"rendered":"\t\t<div data-elementor-type=\"wp-page\" data-elementor-id=\"7123\" class=\"elementor elementor-7123 elementor-5373\" data-elementor-post-type=\"page\">\n\t\t\t\t<div class=\"elementor-element elementor-element-8ee3ad2 e-flex e-con-boxed e-con e-parent\" data-id=\"8ee3ad2\" data-element_type=\"container\" data-e-type=\"container\">\n\t\t\t\t\t<div class=\"e-con-inner\">\n\t\t<div class=\"elementor-element elementor-element-948d595 e-con-full e-flex e-con e-child\" data-id=\"948d595\" data-element_type=\"container\" data-e-type=\"container\">\n\t\t\t\t<\/div>\n\t\t\t\t<div class=\"elementor-element elementor-element-7665e55 elementor-widget elementor-widget-shortcode\" data-id=\"7665e55\" data-element_type=\"widget\" data-e-type=\"widget\" data-widget_type=\"shortcode.default\">\n\t\t\t\t<div class=\"elementor-widget-container\">\n\t\t\t\t\t\t\t<div class=\"elementor-shortcode\">        <div class=\"fiprotur-login-required-shortcode\">\n            <div class=\"fiprotur-login-required-content\">\n                <div class=\"fiprotur-login-icon\">\ud83d\udd12<\/div>\n                <h3>Login Required<\/h3>\n                <p>Please log in to view FIPROTUR events.<\/p>\n                <a href=\"https:\/\/fiproturloscabos.com\/es\/wp-login.php?redirect_to=https%3A%2F%2Ffiproturloscabos.com%2Fes%2Feventos%2F\" class=\"fiprotur-btn fiprotur-btn-primary\">\n                    Log In                <\/a>\n            <\/div>\n        <\/div>\n        <\/div>\n\t\t\t\t\t\t<\/div>\n\t\t\t\t<\/div>\n\t\t\t\t\t<\/div>\n\t\t\t\t<\/div>\n\t\t\t\t<\/div>\n\t\t","protected":false},"excerpt":{"rendered":"<p>Eventos Estas oportunidades son ofrecidas por Fiprotur Los Cabos y para su informaci\u00f3n. Se enviar\u00e1 una invitaci\u00f3n para participar en estos eventos aproximadamente entre 30 y 90 d\u00edas antes del evento.<\/p>\n","protected":false},"author":1,"featured_media":0,"parent":0,"menu_order":0,"comment_status":"closed","ping_status":"closed","template":"elementor_header_footer","meta":{"_acf_changed":false,"footnotes":""},"class_list":["post-7123","page","type-page","status-publish","hentry"],"acf":[],"_links":{"self":[{"href":"https:\/\/fiproturloscabos.com\/es\/wp-json\/wp\/v2\/pages\/7123","targetHints":{"allow":["GET"]}}],"collection":[{"href":"https:\/\/fiproturloscabos.com\/es\/wp-json\/wp\/v2\/pages"}],"about":[{"href":"https:\/\/fiproturloscabos.com\/es\/wp-json\/wp\/v2\/types\/page"}],"author":[{"embeddable":true,"href":"https:\/\/fiproturloscabos.com\/es\/wp-json\/wp\/v2\/users\/1"}],"replies":[{"embeddable":true,"href":"https:\/\/fiproturloscabos.com\/es\/wp-json\/wp\/v2\/comments?post=7123"}],"version-history":[{"count":8,"href":"https:\/\/fiproturloscabos.com\/es\/wp-json\/wp\/v2\/pages\/7123\/revisions"}],"predecessor-version":[{"id":7138,"href":"https:\/\/fiproturloscabos.com\/es\/wp-json\/wp\/v2\/pages\/7123\/revisions\/7138"}],"wp:attachment":[{"href":"https:\/\/fiproturloscabos.com\/es\/wp-json\/wp\/v2\/media?parent=7123"}],"curies":[{"name":"wp","href":"https:\/\/api.w.org\/{rel}","templated":true}]}}